{"id":8,"date":"2025-03-21T09:19:46","date_gmt":"2025-03-21T09:19:46","guid":{"rendered":"https:\/\/nordicteamsales.com\/?page_id=8"},"modified":"2025-03-21T09:36:43","modified_gmt":"2025-03-21T09:36:43","slug":"hem","status":"publish","type":"page","link":"https:\/\/nordicteamsales.com\/","title":{"rendered":"Hem"},"content":{"rendered":"\t\t<div data-elementor-type=\"wp-page\" data-elementor-id=\"8\" class=\"elementor elementor-8\" data-elementor-post-type=\"page\">\n\t\t\t\t<div class=\"elementor-element elementor-element-f8d43b2 e-con-full e-flex e-con e-parent\" data-id=\"f8d43b2\" data-element_type=\"container\" data-e-type=\"container\" data-settings=\"{&quot;background_background&quot;:&quot;classic&quot;}\">\n\t\t<div class=\"elementor-element elementor-element-165fe28 e-flex e-con-boxed e-con e-child\" data-id=\"165fe28\" data-element_type=\"container\" data-e-type=\"container\">\n\t\t\t\t\t<div class=\"e-con-inner\">\n\t\t\t\t<div class=\"elementor-element elementor-element-d48f41f elementor-widget elementor-widget-image\" data-id=\"d48f41f\" data-element_type=\"widget\" data-e-type=\"widget\" data-widget_type=\"image.default\">\n\t\t\t\t<div class=\"elementor-widget-container\">\n\t\t\t\t\t\t\t\t\t\t\t\t\t\t\t<img fetchpriority=\"high\" decoding=\"async\" width=\"800\" height=\"965\" src=\"https:\/\/nordicteamsales.com\/wp-content\/uploads\/2025\/03\/IMG_1873-849x1024.jpeg\" class=\"attachment-large size-large wp-image-11\" alt=\"\" srcset=\"https:\/\/nordicteamsales.com\/wp-content\/uploads\/2025\/03\/IMG_1873-849x1024.jpeg 849w, https:\/\/nordicteamsales.com\/wp-content\/uploads\/2025\/03\/IMG_1873-249x300.jpeg 249w, https:\/\/nordicteamsales.com\/wp-content\/uploads\/2025\/03\/IMG_1873-768x927.jpeg 768w, https:\/\/nordicteamsales.com\/wp-content\/uploads\/2025\/03\/IMG_1873.jpeg 1143w\" sizes=\"(max-width: 800px) 100vw, 800px\" \/>\t\t\t\t\t\t\t\t\t\t\t\t\t\t\t<\/div>\n\t\t\t\t<\/div>\n\t\t\t\t<div class=\"elementor-element elementor-element-5675c77 elementor-widget elementor-widget-heading\" data-id=\"5675c77\" data-element_type=\"widget\" data-e-type=\"widget\" data-widget_type=\"heading.default\">\n\t\t\t\t<div class=\"elementor-widget-container\">\n\t\t\t\t\t<h2 class=\"elementor-heading-title elementor-size-default\">Vi kommer inom kort att lansera v\u00e5r webbplats.<\/h2>\t\t\t\t<\/div>\n\t\t\t\t<\/div>\n\t\t\t\t<div class=\"elementor-element elementor-element-98b219b elementor-widget elementor-widget-text-editor\" data-id=\"98b219b\" data-element_type=\"widget\" data-e-type=\"widget\" data-widget_type=\"text-editor.default\">\n\t\t\t\t<div class=\"elementor-widget-container\">\n\t\t\t\t\t\t\t\t\t<p>H\u00e5ll utkik \u2013 lanseringen \u00e4r n\u00e4ra, och vi ser fram emot att v\u00e4lkomna dig till v\u00e5r digitala hemvist!<\/p>\t\t\t\t\t\t\t\t<\/div>\n\t\t\t\t<\/div>\n\t\t\t\t<div class=\"elementor-element elementor-element-7e69ce3 elementor-widget elementor-widget-image\" data-id=\"7e69ce3\" data-element_type=\"widget\" data-e-type=\"widget\" data-widget_type=\"image.default\">\n\t\t\t\t<div class=\"elementor-widget-container\">\n\t\t\t\t\t\t\t\t\t\t\t\t\t\t\t<img decoding=\"async\" width=\"600\" height=\"600\" src=\"https:\/\/nordicteamsales.com\/wp-content\/uploads\/2025\/03\/IMG_1989.jpeg\" class=\"attachment-large size-large wp-image-12\" alt=\"\" srcset=\"https:\/\/nordicteamsales.com\/wp-content\/uploads\/2025\/03\/IMG_1989.jpeg 600w, https:\/\/nordicteamsales.com\/wp-content\/uploads\/2025\/03\/IMG_1989-300x300.jpeg 300w, https:\/\/nordicteamsales.com\/wp-content\/uploads\/2025\/03\/IMG_1989-150x150.jpeg 150w\" sizes=\"(max-width: 600px) 100vw, 600px\" \/>\t\t\t\t\t\t\t\t\t\t\t\t\t\t\t<\/div>\n\t\t\t\t<\/div>\n\t\t\t\t\t<\/div>\n\t\t\t\t<\/div>\n\t\t\t\t<\/div>\n\t\t\t\t<\/div>\n\t\t","protected":false},"excerpt":{"rendered":"<p>Vi kommer inom kort att lansera v\u00e5r webbplats. H\u00e5ll utkik \u2013 lanseringen \u00e4r n\u00e4ra, och vi ser fram emot att v\u00e4lkomna dig till v\u00e5r digitala hemvist!<\/p>\n","protected":false},"author":1,"featured_media":0,"parent":0,"menu_order":0,"comment_status":"closed","ping_status":"closed","template":"elementor_canvas","meta":{"footnotes":""},"class_list":["post-8","page","type-page","status-publish","hentry"],"_links":{"self":[{"href":"https:\/\/nordicteamsales.com\/index.php?rest_route=\/wp\/v2\/pages\/8","targetHints":{"allow":["GET"]}}],"collection":[{"href":"https:\/\/nordicteamsales.com\/index.php?rest_route=\/wp\/v2\/pages"}],"about":[{"href":"https:\/\/nordicteamsales.com\/index.php?rest_route=\/wp\/v2\/types\/page"}],"author":[{"embeddable":true,"href":"https:\/\/nordicteamsales.com\/index.php?rest_route=\/wp\/v2\/users\/1"}],"replies":[{"embeddable":true,"href":"https:\/\/nordicteamsales.com\/index.php?rest_route=%2Fwp%2Fv2%2Fcomments&post=8"}],"version-history":[{"count":10,"href":"https:\/\/nordicteamsales.com\/index.php?rest_route=\/wp\/v2\/pages\/8\/revisions"}],"predecessor-version":[{"id":22,"href":"https:\/\/nordicteamsales.com\/index.php?rest_route=\/wp\/v2\/pages\/8\/revisions\/22"}],"wp:attachment":[{"href":"https:\/\/nordicteamsales.com\/index.php?rest_route=%2Fwp%2Fv2%2Fmedia&parent=8"}],"curies":[{"name":"wp","href":"https:\/\/api.w.org\/{rel}","templated":true}]}}